{"id":2,"date":"2021-06-07T10:00:52","date_gmt":"2021-06-07T08:00:52","guid":{"rendered":"https:\/\/tarcano.com\/fr\/?page_id=2"},"modified":"2021-06-11T10:17:26","modified_gmt":"2021-06-11T08:17:26","slug":"cookies","status":"publish","type":"page","link":"https:\/\/tarcano.com\/fr\/cookies\/","title":{"rendered":"Politique de cookies"},"content":{"rendered":"\n<p>Nous utilisons des cookies pour faciliter l&rsquo;utilisation de notre site Web. Les cookies sont de petits fichiers d&rsquo;informations avec lesquels nous pouvons comparer et comprendre comment nos utilisateurs naviguent sur notre site Web et ainsi am\u00e9liorer le processus de navigation.<\/p>\n\n\n\n<p>Les cookies que nous utilisons ne stockent aucune donn\u00e9e personnelle ou information pouvant \u00eatre utilis\u00e9e pour vous identifier. Si vous ne souhaitez pas recevoir de cookies, configurez votre navigateur Internet pour qu&rsquo;ils soient supprim\u00e9s du disque dur de votre ordinateur, bloqu\u00e9s ou notifi\u00e9s lors de leur installation. Pour continuer sans modifier les param\u00e8tres des cookies, continuez simplement sur le site Web.<\/p>\n\n\n\n<div id=\"ez-toc-container\" class=\"ez-toc-v2_0_17 counter-hierarchy counter-decimal ez-toc-black\">\n<div class=\"ez-toc-title-container\">\n<p class=\"ez-toc-title\">Contenus<\/p>\n<span class=\"ez-toc-title-toggle\"><a class=\"ez-toc-pull-right ez-toc-btn ez-toc-btn-xs ez-toc-btn-default ez-toc-toggle\" style=\"display: none;\"><i class=\"ez-toc-glyphicon ez-toc-icon-toggle\"><\/i><\/a><\/span><\/div>\n<nav><ul class=\"ez-toc-list ez-toc-list-level-1\"><li class=\"ez-toc-page-1 ez-toc-heading-level-2\"><a class=\"ez-toc-link ez-toc-heading-1\" href=\"https:\/\/tarcano.com\/fr\/cookies\/#types-de-cookies-que-nous-utilisons\" title=\"Types de cookies que nous utilisons\">Types de cookies que nous utilisons<\/a><ul class=\"ez-toc-list-level-3\"><li class=\"ez-toc-heading-level-3\"><a class=\"ez-toc-link ez-toc-heading-2\" href=\"https:\/\/tarcano.com\/fr\/cookies\/#cookies-strictement-necessaires\" title=\"Cookies strictement n\u00e9cessaires\">Cookies strictement n\u00e9cessaires<\/a><\/li><li class=\"ez-toc-page-1 ez-toc-heading-level-3\"><a class=\"ez-toc-link ez-toc-heading-3\" href=\"https:\/\/tarcano.com\/fr\/cookies\/#cookies-de-navigation\" title=\"Cookies de navigation\">Cookies de navigation<\/a><\/li><li class=\"ez-toc-page-1 ez-toc-heading-level-3\"><a class=\"ez-toc-link ez-toc-heading-4\" href=\"https:\/\/tarcano.com\/fr\/cookies\/#cookies-fonctionnels\" title=\"Cookies fonctionnels\">Cookies fonctionnels<\/a><\/li><\/ul><\/li><\/ul><\/nav><\/div>\n<h2 class=\"wp-block-heading\"><span class=\"ez-toc-section\" id=\"types-de-cookies-que-nous-utilisons\"><\/span>Types de cookies que nous utilisons<span class=\"ez-toc-section-end\"><\/span><\/h2>\n\n\n\n<h3 class=\"wp-block-heading\"><span class=\"ez-toc-section\" id=\"cookies-strictement-necessaires\"><\/span>Cookies strictement n\u00e9cessaires<span class=\"ez-toc-section-end\"><\/span><\/h3>\n\n\n\n<p>Ces cookies sont n\u00e9cessaires \u00e0 la bonne utilisation du site Web et permettent d&rsquo;acc\u00e9der \u00e0 des zones avec des filtres de s\u00e9curit\u00e9. Sans ces cookies, de nombreux services disponibles ne seraient pas op\u00e9rationnels.<\/p>\n\n\n\n<h3 class=\"wp-block-heading\"><span class=\"ez-toc-section\" id=\"cookies-de-navigation\"><\/span>Cookies de navigation<span class=\"ez-toc-section-end\"><\/span><\/h3>\n\n\n\n<p>Ces cookies collectent des informations sur l&rsquo;utilisation du Web par les visiteurs, par ex. B. Pages vues, erreurs de chargement&#8230; Il s&rsquo;agit d&rsquo;informations g\u00e9n\u00e9rales et anonymes qui ne contiennent aucune donn\u00e9e personnelle, et d&rsquo;informations permettant d&rsquo;identifier les visiteurs. L&rsquo;objectif ultime est d&rsquo;am\u00e9liorer le fonctionnement du Web.<\/p>\n\n\n\n<h3 class=\"wp-block-heading\"><span class=\"ez-toc-section\" id=\"cookies-fonctionnels\"><\/span>Cookies fonctionnels<span class=\"ez-toc-section-end\"><\/span><\/h3>\n\n\n\n<p>Ces cookies nous permettent de stocker des informations (telles que votre nom d&rsquo;utilisateur, votre langue ou la r\u00e9gion dans laquelle vous vous trouvez) et des caract\u00e9ristiques plus personnelles. Par exemple, la possibilit\u00e9 de proposer un contenu personnalis\u00e9 en fonction des informations et des crit\u00e8res que vous avez volontairement fournis. Ces cookies peuvent \u00e9galement \u00eatre utilis\u00e9s pour enregistrer les modifications apport\u00e9es \u00e0 la taille du texte, aux polices et \u00e0 d&rsquo;autres parties personnalisables du site Web. Ils sont \u00e9galement utilis\u00e9s pour offrir certains services demand\u00e9s, par ex. B. Regarder une vid\u00e9o ou commenter un blog. Les informations que ces cookies collectent peuvent \u00eatre anonymes et vos activit\u00e9s ne peuvent pas \u00eatre suivies sur d&rsquo;autres sites Web.<\/p>\n\n\n\n<p>En visitant notre site, vous acceptez l&rsquo;installation de ces cookies sur votre terminal.<\/p>\n","protected":false},"excerpt":{"rendered":"<p>Nous utilisons des cookies pour faciliter l&rsquo;utilisation de notre site Web. Les cookies sont de petits fichiers d&rsquo;informations avec lesquels nous pouvons comparer et comprendre comment nos utilisateurs naviguent sur notre site Web et ainsi am\u00e9liorer le processus de navigation.<\/p>\n<p>Les cookies que nous utilisons ne stockent aucune donn\u00e9e personnelle ou information pouvant \u00eatre utilis\u00e9e pour vous identifier.<\/p>\n<p><a class=\"more-link\" href=\"https:\/\/tarcano.com\/fr\/cookies\/\">Continuer \u00e0 lire&#8230;<\/a><\/p>\n","protected":false},"author":1,"featured_media":0,"parent":0,"menu_order":0,"comment_status":"closed","ping_status":"closed","template":"","meta":{"footnotes":""},"class_list":["post-2","page","type-page","status-publish","hentry"],"yoast_head":"<!-- This site is optimized with the Yoast SEO plugin v17.2.1 - https:\/\/yoast.com\/wordpress\/plugins\/seo\/ -->\n<title>Politique de cookies - Tarcano<\/title>\n<meta name=\"robots\" content=\"noindex, nofollow\" \/>\n<meta property=\"og:locale\" content=\"fr_FR\" \/>\n<meta property=\"og:type\" content=\"article\" \/>\n<meta property=\"og:title\" content=\"Politique de cookies - Tarcano\" \/>\n<meta property=\"og:description\" content=\"Nous utilisons des cookies pour faciliter l&rsquo;utilisation de notre site Web. Les cookies sont de petits fichiers d&rsquo;informations avec lesquels nous pouvons comparer et comprendre comment nos utilisateurs naviguent sur notre site Web et ainsi am\u00e9liorer le processus de navigation.  Les cookies que nous utilisons ne stockent aucune donn\u00e9e personnelle ou information pouvant \u00eatre utilis\u00e9e pour vous identifier.Continuer \u00e0 lire...\" \/>\n<meta property=\"og:url\" content=\"https:\/\/tarcano.com\/fr\/cookies\/\" \/>\n<meta property=\"og:site_name\" content=\"Tarcano\" \/>\n<meta property=\"article:modified_time\" content=\"2021-06-11T08:17:26+00:00\" \/>\n<meta name=\"twitter:card\" content=\"summary_large_image\" \/>\n<meta name=\"twitter:label1\" content=\"Dur\u00e9e de lecture estim\u00e9e\" \/>\n\t<meta name=\"twitter:data1\" content=\"2 minutes\" \/>\n<script type=\"application\/ld+json\" class=\"yoast-schema-graph\">{\"@context\":\"https:\/\/schema.org\",\"@graph\":[{\"@type\":\"WebSite\",\"@id\":\"https:\/\/tarcano.com\/fr\/#website\",\"url\":\"https:\/\/tarcano.com\/fr\/\",\"name\":\"Tarcano\",\"description\":\"\",\"potentialAction\":[{\"@type\":\"SearchAction\",\"target\":{\"@type\":\"EntryPoint\",\"urlTemplate\":\"https:\/\/tarcano.com\/fr\/?s={search_term_string}\"},\"query-input\":\"required name=search_term_string\"}],\"inLanguage\":\"fr-FR\"},{\"@type\":\"WebPage\",\"@id\":\"https:\/\/tarcano.com\/fr\/cookies\/#webpage\",\"url\":\"https:\/\/tarcano.com\/fr\/cookies\/\",\"name\":\"Politique de cookies - Tarcano\",\"isPartOf\":{\"@id\":\"https:\/\/tarcano.com\/fr\/#website\"},\"datePublished\":\"2021-06-07T08:00:52+00:00\",\"dateModified\":\"2021-06-11T08:17:26+00:00\",\"breadcrumb\":{\"@id\":\"https:\/\/tarcano.com\/fr\/cookies\/#breadcrumb\"},\"inLanguage\":\"fr-FR\",\"potentialAction\":[{\"@type\":\"ReadAction\",\"target\":[\"https:\/\/tarcano.com\/fr\/cookies\/\"]}]},{\"@type\":\"BreadcrumbList\",\"@id\":\"https:\/\/tarcano.com\/fr\/cookies\/#breadcrumb\",\"itemListElement\":[{\"@type\":\"ListItem\",\"position\":1,\"name\":\"Accueil\",\"item\":\"https:\/\/tarcano.com\/fr\/\"},{\"@type\":\"ListItem\",\"position\":2,\"name\":\"Politique de cookies\"}]}]}<\/script>\n<!-- \/ Yoast SEO plugin. -->","yoast_head_json":{"title":"Politique de cookies - Tarcano","robots":{"index":"noindex","follow":"nofollow"},"og_locale":"fr_FR","og_type":"article","og_title":"Politique de cookies - Tarcano","og_description":"Nous utilisons des cookies pour faciliter l&rsquo;utilisation de notre site Web. Les cookies sont de petits fichiers d&rsquo;informations avec lesquels nous pouvons comparer et comprendre comment nos utilisateurs naviguent sur notre site Web et ainsi am\u00e9liorer le processus de navigation.  Les cookies que nous utilisons ne stockent aucune donn\u00e9e personnelle ou information pouvant \u00eatre utilis\u00e9e pour vous identifier.Continuer \u00e0 lire...","og_url":"https:\/\/tarcano.com\/fr\/cookies\/","og_site_name":"Tarcano","article_modified_time":"2021-06-11T08:17:26+00:00","twitter_card":"summary_large_image","twitter_misc":{"Dur\u00e9e de lecture estim\u00e9e":"2 minutes"},"schema":{"@context":"https:\/\/schema.org","@graph":[{"@type":"WebSite","@id":"https:\/\/tarcano.com\/fr\/#website","url":"https:\/\/tarcano.com\/fr\/","name":"Tarcano","description":"","potentialAction":[{"@type":"SearchAction","target":{"@type":"EntryPoint","urlTemplate":"https:\/\/tarcano.com\/fr\/?s={search_term_string}"},"query-input":"required name=search_term_string"}],"inLanguage":"fr-FR"},{"@type":"WebPage","@id":"https:\/\/tarcano.com\/fr\/cookies\/#webpage","url":"https:\/\/tarcano.com\/fr\/cookies\/","name":"Politique de cookies - Tarcano","isPartOf":{"@id":"https:\/\/tarcano.com\/fr\/#website"},"datePublished":"2021-06-07T08:00:52+00:00","dateModified":"2021-06-11T08:17:26+00:00","breadcrumb":{"@id":"https:\/\/tarcano.com\/fr\/cookies\/#breadcrumb"},"inLanguage":"fr-FR","potentialAction":[{"@type":"ReadAction","target":["https:\/\/tarcano.com\/fr\/cookies\/"]}]},{"@type":"BreadcrumbList","@id":"https:\/\/tarcano.com\/fr\/cookies\/#breadcrumb","itemListElement":[{"@type":"ListItem","position":1,"name":"Accueil","item":"https:\/\/tarcano.com\/fr\/"},{"@type":"ListItem","position":2,"name":"Politique de cookies"}]}]}},"_links":{"self":[{"href":"https:\/\/tarcano.com\/fr\/wp-json\/wp\/v2\/pages\/2","targetHints":{"allow":["GET"]}}],"collection":[{"href":"https:\/\/tarcano.com\/fr\/wp-json\/wp\/v2\/pages"}],"about":[{"href":"https:\/\/tarcano.com\/fr\/wp-json\/wp\/v2\/types\/page"}],"author":[{"embeddable":true,"href":"https:\/\/tarcano.com\/fr\/wp-json\/wp\/v2\/users\/1"}],"replies":[{"embeddable":true,"href":"https:\/\/tarcano.com\/fr\/wp-json\/wp\/v2\/comments?post=2"}],"version-history":[{"count":2,"href":"https:\/\/tarcano.com\/fr\/wp-json\/wp\/v2\/pages\/2\/revisions"}],"predecessor-version":[{"id":7,"href":"https:\/\/tarcano.com\/fr\/wp-json\/wp\/v2\/pages\/2\/revisions\/7"}],"wp:attachment":[{"href":"https:\/\/tarcano.com\/fr\/wp-json\/wp\/v2\/media?parent=2"}],"curies":[{"name":"wp","href":"https:\/\/api.w.org\/{rel}","templated":true}]}}