{"id":181,"date":"2021-06-17T09:51:54","date_gmt":"2021-06-17T07:51:54","guid":{"rendered":"https:\/\/tarcano.com\/it\/?page_id=181"},"modified":"2021-06-17T09:51:55","modified_gmt":"2021-06-17T07:51:55","slug":"lettura-tarocchi-lavoro","status":"publish","type":"page","link":"https:\/\/tarcano.com\/it\/lettura-tarocchi-lavoro\/","title":{"rendered":"Lettura dei Tarocchi del lavoro"},"content":{"rendered":"\n<p>La tua domanda sulla vita lavorativa sar\u00e0 risolta dalle carte dei Tarocchi del Lavoro.<\/p>\n\n\n\n<div class=\"wp-block-magicards-magicards-block\"><div class=\"magicards-deck-wrap mc-firstload  magicard-visible-tooltip\"><div class=\"magicards-deck magicards-col-3\" id=\"magicards_stack_1\" data-getresult=\"\"><div class=\"magicard-wrap hidecard\" data-target=\"mc-flip-0\"><div class=\"magicard-flipper \"><div class=\"magicard-front\"><img decoding=\"async\" src=\"https:\/\/tarcano.com\/it\/wp-content\/uploads\/2021\/06\/carte-lavoro-200x340.jpeg\" class=\"skip-lazy no-lazyload no-lazy\" data-no-lazyload data-no-lazy=\"1\"><\/div><div class=\"magicard-back\"><img decoding=\"async\" src=\"https:\/\/tarcano.com\/it\/wp-content\/uploads\/2021\/06\/Temperanza-200x340.jpg\" class=\"skip-lazy no-lazyload no-lazy\" data-no-lazyload data-no-lazy=\"1\"><\/div><div class=\"magicard-tooltip magicards-infopanel\"><h4 class=\"magicard-caption\"><\/h4><div class=\"magicard-description\"><p>Temperanza<br \/>\n\u00c8 arrivato il momento di dimostrare tutte le conoscenze che possiedi per ottenere grandi cambiamenti nel campo professionale. Devi essere molto paziente, ma non preoccuparti, le ricompense arriveranno proprio come ti aspettavi da tempo.<\/p>\n<\/div><div class=\"magicard-description-reversed  magicards-hide-info\"><\/div><\/div><\/div><\/div><div class=\"magicard-wrap hidecard\" data-target=\"mc-flip-1\"><div class=\"magicard-flipper \"><div class=\"magicard-front\"><img decoding=\"async\" src=\"https:\/\/tarcano.com\/it\/wp-content\/uploads\/2021\/06\/carte-lavoro-200x340.jpeg\" class=\"skip-lazy no-lazyload no-lazy\" data-no-lazyload data-no-lazy=\"1\"><\/div><div class=\"magicard-back\"><img decoding=\"async\" src=\"https:\/\/tarcano.com\/it\/wp-content\/uploads\/2021\/06\/morte-200x340.jpg\" class=\"skip-lazy no-lazyload no-lazy\" data-no-lazyload data-no-lazy=\"1\"><\/div><div class=\"magicard-tooltip magicards-infopanel\"><h4 class=\"magicard-caption\"><\/h4><div class=\"magicard-description\"><p>Morte<br \/>\nQuesto \u00e8 un buon momento per fare quel cambiamento nel tuo lavoro che hai aspettato cos\u00ec a lungo. Una grande evoluzione personale. Fino a questo momento eri stagnante, ma \u00e8 arrivato il momento di cambiare il tuo lavoro per uno molto migliore che ti meriti davvero.<\/p>\n<\/div><div class=\"magicard-description-reversed  magicards-hide-info\"><\/div><\/div><\/div><\/div><div class=\"magicard-wrap hidecard\" data-target=\"mc-flip-2\"><div class=\"magicard-flipper \"><div class=\"magicard-front\"><img decoding=\"async\" src=\"https:\/\/tarcano.com\/it\/wp-content\/uploads\/2021\/06\/carte-lavoro-200x340.jpeg\" class=\"skip-lazy no-lazyload no-lazy\" data-no-lazyload data-no-lazy=\"1\"><\/div><div class=\"magicard-back\"><img decoding=\"async\" src=\"https:\/\/tarcano.com\/it\/wp-content\/uploads\/2021\/06\/imperatrice-200x340.jpg\" class=\"skip-lazy no-lazyload no-lazy\" data-no-lazyload data-no-lazy=\"1\"><\/div><div class=\"magicard-tooltip magicards-infopanel\"><h4 class=\"magicard-caption\"><\/h4><div class=\"magicard-description\"><p>L&#8217;Imp\u00e9ratrice<br \/>\nLa creativit\u00e0 nella sfera professionale ti permetter\u00e0 di ottenere grandi progressi e, con essa, il tuo riconoscimento personale e finanziario aumenter\u00e0. A breve termine otterrete ci\u00f2 che desideri.<\/p>\n<\/div><div class=\"magicard-description-reversed  magicards-hide-info\"><\/div><\/div><\/div><\/div><\/div><div class=\"magicard-commands align-left\"><div class=\"magicard-shuffle\"><svg width=\"1em\" height=\"1em\" viewBox=\"0 0 16 16\" fill=\"currentColor\" xmlns=\"http:\/\/www.w3.org\/2000\/svg\"><path fill-rule=\"evenodd\" d=\"M1 11.5a.5.5 0 0 0 .5.5h11.793l-3.147 3.146a.5.5 0 0 0 .708.708l4-4a.5.5 0 0 0 0-.708l-4-4a.5.5 0 0 0-.708.708L13.293 11H1.5a.5.5 0 0 0-.5.5zm14-7a.5.5 0 0 1-.5.5H2.707l3.147 3.146a.5.5 0 1 1-.708.708l-4-4a.5.5 0 0 1 0-.708l4-4a.5.5 0 1 1 .708.708L2.707 4H14.5a.5.5 0 0 1 .5.5z\"\/><\/svg> <span>Mescola<\/span><\/div><div class=\"magicard-toggle\"><svg width=\"1em\" height=\"1em\" viewBox=\"0 0 16 16\" fill=\"currentColor\" xmlns=\"http:\/\/www.w3.org\/2000\/svg\"><path d=\"M11.534 7h3.932a.25.25 0 0 1 .192.41l-1.966 2.36a.25.25 0 0 1-.384 0l-1.966-2.36a.25.25 0 0 1 .192-.41zm-11 2h3.932a.25.25 0 0 0 .192-.41L2.692 6.23a.25.25 0 0 0-.384 0L.342 8.59A.25.25 0 0 0 .534 9z\"\/><path fill-rule=\"evenodd\" d=\"M8 3c-1.552 0-2.94.707-3.857 1.818a.5.5 0 1 1-.771-.636A6.002 6.002 0 0 1 13.917 7H12.9A5.002 5.002 0 0 0 8 3zM3.1 9a5.002 5.002 0 0 0 8.757 2.182.5.5 0 1 1 .771.636A6.002 6.002 0 0 1 2.083 9H3.1z\"\/><\/svg> <span><\/span><\/div><\/div><div class=\"magicards-visible-desc\"><\/div><\/div><\/div>\n","protected":false},"excerpt":{"rendered":"<p>La tua domanda sulla vita lavorativa sar\u00e0 risolta dalle carte dei Tarocchi del Lavoro.<\/p>\n<div class=\"wp-block-magicards-magicards-block\"><\/div>\n<p><a class=\"more-link\" href=\"https:\/\/tarcano.com\/it\/lettura-tarocchi-lavoro\/\">Continue Reading &#8230;<\/a><\/p>\n","protected":false},"author":1,"featured_media":0,"parent":0,"menu_order":0,"comment_status":"closed","ping_status":"closed","template":"","meta":{"footnotes":""},"class_list":["post-181","page","type-page","status-publish","hentry"],"yoast_head":"<!-- This site is optimized with the Yoast SEO plugin v17.2.1 - https:\/\/yoast.com\/wordpress\/plugins\/seo\/ -->\n<title>Lettura dei Tarocchi del lavoro Online e Gratuito! - Tarcano<\/title>\n<meta name=\"description\" content=\"Se vuoi alleviare i dubbi sulla tua situazione lavorativa, fai una lettura dei tarocchi dei lavoro ora totalmente gratuito.\" \/>\n<meta name=\"robots\" content=\"index, follow, max-snippet:-1, max-image-preview:large, max-video-preview:-1\" \/>\n<link rel=\"canonical\" href=\"https:\/\/tarcano.com\/it\/lettura-tarocchi-lavoro\/\" \/>\n<meta property=\"og:locale\" content=\"it_IT\" \/>\n<meta property=\"og:type\" content=\"article\" \/>\n<meta property=\"og:title\" content=\"Lettura dei Tarocchi del lavoro Online e Gratuito! - Tarcano\" \/>\n<meta property=\"og:description\" content=\"Se vuoi alleviare i dubbi sulla tua situazione lavorativa, fai una lettura dei tarocchi dei lavoro ora totalmente gratuito.\" \/>\n<meta property=\"og:url\" content=\"https:\/\/tarcano.com\/it\/lettura-tarocchi-lavoro\/\" \/>\n<meta property=\"og:site_name\" content=\"Tarcano\" \/>\n<meta property=\"article:modified_time\" content=\"2021-06-17T07:51:55+00:00\" \/>\n<meta name=\"twitter:card\" content=\"summary_large_image\" \/>\n<meta name=\"twitter:label1\" content=\"Tempo di lettura stimato\" \/>\n\t<meta name=\"twitter:data1\" content=\"1 minuto\" \/>\n<script type=\"application\/ld+json\" class=\"yoast-schema-graph\">{\"@context\":\"https:\/\/schema.org\",\"@graph\":[{\"@type\":\"WebSite\",\"@id\":\"https:\/\/tarcano.com\/it\/#website\",\"url\":\"https:\/\/tarcano.com\/it\/\",\"name\":\"Tarcano\",\"description\":\"\",\"potentialAction\":[{\"@type\":\"SearchAction\",\"target\":{\"@type\":\"EntryPoint\",\"urlTemplate\":\"https:\/\/tarcano.com\/it\/?s={search_term_string}\"},\"query-input\":\"required name=search_term_string\"}],\"inLanguage\":\"it-IT\"},{\"@type\":\"WebPage\",\"@id\":\"https:\/\/tarcano.com\/it\/lettura-tarocchi-lavoro\/#webpage\",\"url\":\"https:\/\/tarcano.com\/it\/lettura-tarocchi-lavoro\/\",\"name\":\"Lettura dei Tarocchi del lavoro Online e Gratuito! - Tarcano\",\"isPartOf\":{\"@id\":\"https:\/\/tarcano.com\/it\/#website\"},\"datePublished\":\"2021-06-17T07:51:54+00:00\",\"dateModified\":\"2021-06-17T07:51:55+00:00\",\"description\":\"Se vuoi alleviare i dubbi sulla tua situazione lavorativa, fai una lettura dei tarocchi dei lavoro ora totalmente gratuito.\",\"breadcrumb\":{\"@id\":\"https:\/\/tarcano.com\/it\/lettura-tarocchi-lavoro\/#breadcrumb\"},\"inLanguage\":\"it-IT\",\"potentialAction\":[{\"@type\":\"ReadAction\",\"target\":[\"https:\/\/tarcano.com\/it\/lettura-tarocchi-lavoro\/\"]}]},{\"@type\":\"BreadcrumbList\",\"@id\":\"https:\/\/tarcano.com\/it\/lettura-tarocchi-lavoro\/#breadcrumb\",\"itemListElement\":[{\"@type\":\"ListItem\",\"position\":1,\"name\":\"Home\",\"item\":\"https:\/\/tarcano.com\/it\/\"},{\"@type\":\"ListItem\",\"position\":2,\"name\":\"Lettura dei Tarocchi del lavoro\"}]}]}<\/script>\n<!-- \/ Yoast SEO plugin. -->","yoast_head_json":{"title":"Lettura dei Tarocchi del lavoro Online e Gratuito! - Tarcano","description":"Se vuoi alleviare i dubbi sulla tua situazione lavorativa, fai una lettura dei tarocchi dei lavoro ora totalmente gratuito.","robots":{"index":"index","follow":"follow","max-snippet":"max-snippet:-1","max-image-preview":"max-image-preview:large","max-video-preview":"max-video-preview:-1"},"canonical":"https:\/\/tarcano.com\/it\/lettura-tarocchi-lavoro\/","og_locale":"it_IT","og_type":"article","og_title":"Lettura dei Tarocchi del lavoro Online e Gratuito! - Tarcano","og_description":"Se vuoi alleviare i dubbi sulla tua situazione lavorativa, fai una lettura dei tarocchi dei lavoro ora totalmente gratuito.","og_url":"https:\/\/tarcano.com\/it\/lettura-tarocchi-lavoro\/","og_site_name":"Tarcano","article_modified_time":"2021-06-17T07:51:55+00:00","twitter_card":"summary_large_image","twitter_misc":{"Tempo di lettura stimato":"1 minuto"},"schema":{"@context":"https:\/\/schema.org","@graph":[{"@type":"WebSite","@id":"https:\/\/tarcano.com\/it\/#website","url":"https:\/\/tarcano.com\/it\/","name":"Tarcano","description":"","potentialAction":[{"@type":"SearchAction","target":{"@type":"EntryPoint","urlTemplate":"https:\/\/tarcano.com\/it\/?s={search_term_string}"},"query-input":"required name=search_term_string"}],"inLanguage":"it-IT"},{"@type":"WebPage","@id":"https:\/\/tarcano.com\/it\/lettura-tarocchi-lavoro\/#webpage","url":"https:\/\/tarcano.com\/it\/lettura-tarocchi-lavoro\/","name":"Lettura dei Tarocchi del lavoro Online e Gratuito! - Tarcano","isPartOf":{"@id":"https:\/\/tarcano.com\/it\/#website"},"datePublished":"2021-06-17T07:51:54+00:00","dateModified":"2021-06-17T07:51:55+00:00","description":"Se vuoi alleviare i dubbi sulla tua situazione lavorativa, fai una lettura dei tarocchi dei lavoro ora totalmente gratuito.","breadcrumb":{"@id":"https:\/\/tarcano.com\/it\/lettura-tarocchi-lavoro\/#breadcrumb"},"inLanguage":"it-IT","potentialAction":[{"@type":"ReadAction","target":["https:\/\/tarcano.com\/it\/lettura-tarocchi-lavoro\/"]}]},{"@type":"BreadcrumbList","@id":"https:\/\/tarcano.com\/it\/lettura-tarocchi-lavoro\/#breadcrumb","itemListElement":[{"@type":"ListItem","position":1,"name":"Home","item":"https:\/\/tarcano.com\/it\/"},{"@type":"ListItem","position":2,"name":"Lettura dei Tarocchi del lavoro"}]}]}},"_links":{"self":[{"href":"https:\/\/tarcano.com\/it\/wp-json\/wp\/v2\/pages\/181","targetHints":{"allow":["GET"]}}],"collection":[{"href":"https:\/\/tarcano.com\/it\/wp-json\/wp\/v2\/pages"}],"about":[{"href":"https:\/\/tarcano.com\/it\/wp-json\/wp\/v2\/types\/page"}],"author":[{"embeddable":true,"href":"https:\/\/tarcano.com\/it\/wp-json\/wp\/v2\/users\/1"}],"replies":[{"embeddable":true,"href":"https:\/\/tarcano.com\/it\/wp-json\/wp\/v2\/comments?post=181"}],"version-history":[{"count":3,"href":"https:\/\/tarcano.com\/it\/wp-json\/wp\/v2\/pages\/181\/revisions"}],"predecessor-version":[{"id":209,"href":"https:\/\/tarcano.com\/it\/wp-json\/wp\/v2\/pages\/181\/revisions\/209"}],"wp:attachment":[{"href":"https:\/\/tarcano.com\/it\/wp-json\/wp\/v2\/media?parent=181"}],"curies":[{"name":"wp","href":"https:\/\/api.w.org\/{rel}","templated":true}]}}