{"id":2,"date":"2021-06-22T10:07:38","date_gmt":"2021-06-22T07:07:38","guid":{"rendered":"https:\/\/tarcano.com\/tr\/?page_id=2"},"modified":"2021-09-29T18:24:53","modified_gmt":"2021-09-29T15:24:53","slug":"tarot-kartlari","status":"publish","type":"page","link":"https:\/\/tarcano.com\/tr\/","title":{"rendered":"Tarot kartlar\u0131"},"content":{"rendered":"\t\t<div data-elementor-type=\"wp-page\" data-elementor-id=\"2\" class=\"elementor elementor-2\" data-elementor-settings=\"[]\">\n\t\t\t\t\t\t\t<div class=\"elementor-section-wrap\">\n\t\t\t\t\t\t\t<section class=\"elementor-section elementor-top-section elementor-element elementor-element-db47d4e elementor-section-stretched elementor-section-boxed elementor-section-height-default elementor-section-height-default\" data-id=\"db47d4e\" data-element_type=\"section\" data-settings=\"{&quot;stretch_section&quot;:&quot;section-stretched&quot;}\">\n\t\t\t\t\t\t<div class=\"elementor-container elementor-column-gap-default\">\n\t\t\t\t\t<div class=\"elementor-column elementor-col-100 elementor-top-column elementor-element elementor-element-1d0f45a\" data-id=\"1d0f45a\" data-element_type=\"column\">\n\t\t\t<div class=\"elementor-widget-wrap elementor-element-populated\">\n\t\t\t\t\t\t\t\t<div class=\"elementor-element elementor-element-5b3ac33 elementor-widget elementor-widget-text-editor\" data-id=\"5b3ac33\" data-element_type=\"widget\" data-widget_type=\"text-editor.default\">\n\t\t\t\t<div class=\"elementor-widget-container\">\n\t\t\t\t\t\t\t<p><span style=\"font-weight: 400;\">Tarotun yard\u0131m\u0131na en \u00e7ok ihtiya\u00e7 duydu\u011funuz zaman \u015f\u00fcphe ve kar\u0131\u015f\u0131kl\u0131k anlar\u0131d\u0131r. Bu antik kahin ona en \u00e7ok ihtiya\u00e7 duyanlara \u00f6ng\u00f6r\u00fcler sa\u011flar ve hedeflerimize ula\u015fmak i\u00e7in hayatta ileriye giden yolda \u0131\u015f\u0131k tutar.<\/span><\/p><p><span style=\"font-weight: 400;\">Tarot kartlar\u0131 ile gelece\u011fin sizin i\u00e7in neler getirece\u011fine bakmak istiyorsan\u0131z, daha fazla beklemeyin ve hemen \u00fccretsiz tarot kart \u00e7ekimi yap\u0131n.<\/span><\/p>\t\t\t\t\t\t<\/div>\n\t\t\t\t<\/div>\n\t\t\t\t\t<\/div>\n\t\t<\/div>\n\t\t\t\t\t\t\t<\/div>\n\t\t<\/section>\n\t\t\t\t<section class=\"elementor-section elementor-top-section elementor-element elementor-element-cf321b8 elementor-section-boxed elementor-section-height-default elementor-section-height-default\" data-id=\"cf321b8\" data-element_type=\"section\">\n\t\t\t\t\t\t<div class=\"elementor-container elementor-column-gap-default\">\n\t\t\t\t\t<div class=\"elementor-column elementor-col-100 elementor-top-column elementor-element elementor-element-6e18a3e\" data-id=\"6e18a3e\" data-element_type=\"column\">\n\t\t\t<div class=\"elementor-widget-wrap elementor-element-populated\">\n\t\t\t\t\t\t\t\t<div class=\"elementor-element elementor-element-0383af4 elementor-widget elementor-widget-image\" data-id=\"0383af4\" data-element_type=\"widget\" data-widget_type=\"image.default\">\n\t\t\t\t<div class=\"elementor-widget-container\">\n\t\t\t\t\t\t\t\t\t\t\t\t\t\t\t\t<a href=\"https:\/\/tarcano.com\/tr\/tarot-fali\/\">\n\t\t\t\t\t\t\t<img loading=\"lazy\" decoding=\"async\" width=\"600\" height=\"253\" src=\"https:\/\/tarcano.com\/tr\/wp-content\/uploads\/2021\/06\/shuffle-cards.gif\" class=\"attachment-large size-large\" alt=\"\" \/>\t\t\t\t\t\t\t\t<\/a>\n\t\t\t\t\t\t\t\t\t\t\t\t\t\t\t<\/div>\n\t\t\t\t<\/div>\n\t\t\t\t\t<\/div>\n\t\t<\/div>\n\t\t\t\t\t\t\t<\/div>\n\t\t<\/section>\n\t\t\t\t<section class=\"elementor-section elementor-top-section elementor-element elementor-element-d56feb9 elementor-section-boxed elementor-section-height-default elementor-section-height-default\" data-id=\"d56feb9\" data-element_type=\"section\">\n\t\t\t\t\t\t<div class=\"elementor-container elementor-column-gap-default\">\n\t\t\t\t\t<div class=\"elementor-column elementor-col-100 elementor-top-column elementor-element elementor-element-222524d\" data-id=\"222524d\" data-element_type=\"column\">\n\t\t\t<div class=\"elementor-widget-wrap elementor-element-populated\">\n\t\t\t\t\t\t\t\t<div class=\"elementor-element elementor-element-0a4dc9f elementor-button-info elementor-align-center elementor-widget elementor-widget-button\" data-id=\"0a4dc9f\" data-element_type=\"widget\" data-widget_type=\"button.default\">\n\t\t\t\t<div class=\"elementor-widget-container\">\n\t\t\t\t\t<div class=\"elementor-button-wrapper\">\n\t\t\t<a href=\"https:\/\/tarcano.com\/tr\/tarot-fali\/\" class=\"elementor-button-link elementor-button elementor-size-sm\" role=\"button\">\n\t\t\t\t\t\t<span class=\"elementor-button-content-wrapper\">\n\t\t\t\t\t\t<span class=\"elementor-button-text\">\u015eimdi kart \u00e7ekin<\/span>\n\t\t<\/span>\n\t\t\t\t\t<\/a>\n\t\t<\/div>\n\t\t\t\t<\/div>\n\t\t\t\t<\/div>\n\t\t\t\t\t<\/div>\n\t\t<\/div>\n\t\t\t\t\t\t\t<\/div>\n\t\t<\/section>\n\t\t\t\t<section class=\"elementor-section elementor-top-section elementor-element elementor-element-66d2308 elementor-section-boxed elementor-section-height-default elementor-section-height-default\" data-id=\"66d2308\" data-element_type=\"section\">\n\t\t\t\t\t\t<div class=\"elementor-container elementor-column-gap-default\">\n\t\t\t\t\t<div class=\"elementor-column elementor-col-100 elementor-top-column elementor-element elementor-element-8f38263\" data-id=\"8f38263\" data-element_type=\"column\">\n\t\t\t<div class=\"elementor-widget-wrap elementor-element-populated\">\n\t\t\t\t\t\t\t\t<div class=\"elementor-element elementor-element-af6dae8 elementor-widget elementor-widget-wp-widget-custom_html\" data-id=\"af6dae8\" data-element_type=\"widget\" data-widget_type=\"wp-widget-custom_html.default\">\n\t\t\t\t<div class=\"elementor-widget-container\">\n\t\t\t<div class=\"textwidget custom-html-widget\"><div class='code-block code-block-5 ai-list-block' style='margin: 8px 0; clear: both;'>\n\n<div class='ai-dynamic ai-list-manual ai-list-data' parameter-list='ZXVjb25zZW50LXYyW3ZlbmRvcl1bY29uc2VudHNdWzc1NV09dHJ1ZSAmJiBldWNvbnNlbnQtdjJbcHVycG9zZV1bY29uc2VudHNdWzFdPXRydWUsIGV1Y29uc2VudC12MltnZHByQXBwbGllc109ZmFsc2U=' parameter-list-type='W' data-code='PHNjcmlwdCBhc3luYyBzcmM9Imh0dHBzOi8vcGFnZWFkMi5nb29nbGVzeW5kaWNhdGlvbi5jb20vcGFnZWFkL2pzL2Fkc2J5Z29vZ2xlLmpzIj48L3NjcmlwdD4KPCEtLSB0YXJjYW5vIGhvbWUgLS0+CjxpbnMgY2xhc3M9ImFkc2J5Z29vZ2xlIgogICAgIHN0eWxlPSJkaXNwbGF5OmJsb2NrIgogICAgIGRhdGEtYWQtY2xpZW50PSJjYS1wdWItMzk4NzU5MjU1Njg5OTE5NyIKICAgICBkYXRhLWFkLXNsb3Q9IjUyMDE0NDAwNzgiCiAgICAgZGF0YS1hZC1mb3JtYXQ9ImF1dG8iCiAgICAgZGF0YS1mdWxsLXdpZHRoLXJlc3BvbnNpdmU9InRydWUiPjwvaW5zPgo8c2NyaXB0PgogICAgIChhZHNieWdvb2dsZSA9IHdpbmRvdy5hZHNieWdvb2dsZSB8fCBbXSkucHVzaCh7fSk7Cjwvc2NyaXB0Pg=='><\/div>\n<\/div>\n<\/div>\t\t<\/div>\n\t\t\t\t<\/div>\n\t\t\t\t\t<\/div>\n\t\t<\/div>\n\t\t\t\t\t\t\t<\/div>\n\t\t<\/section>\n\t\t\t\t<section class=\"elementor-section elementor-top-section elementor-element elementor-element-207311a elementor-section-boxed elementor-section-height-default elementor-section-height-default\" data-id=\"207311a\" data-element_type=\"section\">\n\t\t\t\t\t\t<div class=\"elementor-container elementor-column-gap-default\">\n\t\t\t\t\t<div class=\"elementor-column elementor-col-100 elementor-top-column elementor-element elementor-element-88d6fe8\" data-id=\"88d6fe8\" data-element_type=\"column\">\n\t\t\t<div class=\"elementor-widget-wrap elementor-element-populated\">\n\t\t\t\t\t\t\t\t<div class=\"elementor-element elementor-element-fa18c0a elementor-widget elementor-widget-heading\" data-id=\"fa18c0a\" data-element_type=\"widget\" data-widget_type=\"heading.default\">\n\t\t\t\t<div class=\"elementor-widget-container\">\n\t\t\t<h2 class=\"elementor-heading-title elementor-size-default\"><a href=\"https:\/\/tarcano.com\/tr\/blog\/\">Blogumuzu Ziyaret Edin<\/a><\/h2>\t\t<\/div>\n\t\t\t\t<\/div>\n\t\t\t\t\t<\/div>\n\t\t<\/div>\n\t\t\t\t\t\t\t<\/div>\n\t\t<\/section>\n\t\t\t\t<section class=\"elementor-section elementor-top-section elementor-element elementor-element-d9861ed elementor-section-boxed elementor-section-height-default elementor-section-height-default\" data-id=\"d9861ed\" data-element_type=\"section\">\n\t\t\t\t\t\t<div class=\"elementor-container elementor-column-gap-default\">\n\t\t\t\t\t<div class=\"elementor-column elementor-col-100 elementor-top-column elementor-element elementor-element-195352f\" data-id=\"195352f\" data-element_type=\"column\">\n\t\t\t<div class=\"elementor-widget-wrap elementor-element-populated\">\n\t\t\t\t\t\t\t\t<div class=\"elementor-element elementor-element-eb43265 elementor-widget elementor-widget-html\" data-id=\"eb43265\" data-element_type=\"widget\" data-widget_type=\"html.default\">\n\t\t\t\t<div class=\"elementor-widget-container\">\n\t\t\t<div class=\"pt-cv-wrapper\"><div class=\"pt-cv-view pt-cv-grid pt-cv-colsys\" id=\"pt-cv-view-a0c2286o1i\"><div data-id=\"pt-cv-page-1\" class=\"pt-cv-page\" data-cvc=\"3\"><div class=\"col-md-4 col-sm-6 col-xs-12 pt-cv-content-item pt-cv-1-col\" ><div class='pt-cv-ifield'><a href=\"https:\/\/tarcano.com\/tr\/evet-veya-hayir-tarot\/\" class=\"_self pt-cv-href-thumbnail pt-cv-thumb-default\" target=\"_self\" ><img loading=\"lazy\" decoding=\"async\" width=\"300\" height=\"194\" src=\"https:\/\/tarcano.com\/tr\/wp-content\/uploads\/2021\/06\/Evet-veya-Hayir-Tarotu-300x194.jpeg\" class=\"pt-cv-thumbnail\" alt=\"Evet veya Hay\u0131r Tarotu\" srcset=\"https:\/\/tarcano.com\/tr\/wp-content\/uploads\/2021\/06\/Evet-veya-Hayir-Tarotu-300x194.jpeg 300w, https:\/\/tarcano.com\/tr\/wp-content\/uploads\/2021\/06\/Evet-veya-Hayir-Tarotu-768x497.jpeg 768w, https:\/\/tarcano.com\/tr\/wp-content\/uploads\/2021\/06\/Evet-veya-Hayir-Tarotu.jpeg 850w\" sizes=\"auto, (max-width: 300px) 85vw, 300px\" \/><\/a>\n<div class=\"pt-cv-title\"><a href=\"https:\/\/tarcano.com\/tr\/evet-veya-hayir-tarot\/\" class=\"_self\" target=\"_self\" >Evet veya Hay\u0131r Tarotu<\/a><\/div><\/div><\/div><\/div><\/div><\/div>\t\t<\/div>\n\t\t\t\t<\/div>\n\t\t\t\t\t<\/div>\n\t\t<\/div>\n\t\t\t\t\t\t\t<\/div>\n\t\t<\/section>\n\t\t\t\t\t\t<\/div>\n\t\t\t\t\t<\/div>\n\t\t","protected":false},"excerpt":{"rendered":"<p>Evet veya hay\u0131r Tarotu, en g\u00fcvenilir, basit ve h\u0131zl\u0131 y\u00f6ntemlerden biridir.Spesifik sorular\u0131 yan\u0131tlar ve dan\u0131\u015fan ki\u015finin hayat\u0131n\u0131n y\u00f6n\u00fcn\u00fc bulmas\u0131n\u0131 sa\u011flar. \u00c7o\u011fu insan belirli bir durum hakk\u0131nda daha fazla bilgiye ihtiya\u00e7 duydu\u011f\u0131nda, \u00f6nemli bir \u015feye karar verdi\u011finde veya yaln\u0131zca gelece\u011fimiz hakk\u0131nda meraktan dolay\u0131 bir kahin yard\u0131m\u0131n\u0131 talep etme e\u011filimindedir.<\/p>\n<p>Tarot dan\u0131\u015fmanl\u0131\u011f\u0131 a\u015fk, finans, i\u015f,<\/p>\n<p><a class=\"more-link\" href=\"https:\/\/tarcano.com\/tr\/\">Seguir leyendo&#8230;<\/a><\/p>\n","protected":false},"author":1,"featured_media":0,"parent":0,"menu_order":0,"comment_status":"closed","ping_status":"closed","template":"","meta":{"footnotes":""},"class_list":["post-2","page","type-page","status-publish","hentry"],"yoast_head":"<!-- This site is optimized with the Yoast SEO plugin v17.2.1 - https:\/\/yoast.com\/wordpress\/plugins\/seo\/ -->\n<title>Tarot kartlar\u0131 - Tarcano<\/title>\n<meta name=\"description\" content=\"Tarot kart\u0131 i\u015flemlerini tamamen \u00e7evrimi\u00e7i ve \u00fccretsiz yap\u0131n BURADAN. Sorgunuza ba\u011fl\u0131 olarak farkl\u0131 deste t\u00fcrleri aras\u0131ndan se\u00e7im yap\u0131n!\" \/>\n<meta name=\"robots\" content=\"index, follow, max-snippet:-1, max-image-preview:large, max-video-preview:-1\" \/>\n<link rel=\"canonical\" href=\"https:\/\/tarcano.com\/tr\/\" \/>\n<meta property=\"og:locale\" content=\"tr_TR\" \/>\n<meta property=\"og:type\" content=\"article\" \/>\n<meta property=\"og:title\" content=\"Tarot kartlar\u0131 - Tarcano\" \/>\n<meta property=\"og:description\" content=\"Tarot kart\u0131 i\u015flemlerini tamamen \u00e7evrimi\u00e7i ve \u00fccretsiz yap\u0131n BURADAN. Sorgunuza ba\u011fl\u0131 olarak farkl\u0131 deste t\u00fcrleri aras\u0131ndan se\u00e7im yap\u0131n!\" \/>\n<meta property=\"og:url\" content=\"https:\/\/tarcano.com\/tr\/\" \/>\n<meta property=\"og:site_name\" content=\"Tarcano\" \/>\n<meta property=\"article:modified_time\" content=\"2021-09-29T15:24:53+00:00\" \/>\n<meta property=\"og:image\" content=\"https:\/\/tarcano.com\/tr\/wp-content\/uploads\/2021\/06\/shuffle-cards.gif\" \/>\n<meta name=\"twitter:card\" content=\"summary_large_image\" \/>\n<meta name=\"twitter:label1\" content=\"Tahmini okuma s\u00fcresi\" \/>\n\t<meta name=\"twitter:data1\" content=\"1 dakika\" \/>\n<script type=\"application\/ld+json\" class=\"yoast-schema-graph\">{\"@context\":\"https:\/\/schema.org\",\"@graph\":[{\"@type\":\"WebSite\",\"@id\":\"https:\/\/tarcano.com\/tr\/#website\",\"url\":\"https:\/\/tarcano.com\/tr\/\",\"name\":\"Tarcano\",\"description\":\"\",\"potentialAction\":[{\"@type\":\"SearchAction\",\"target\":{\"@type\":\"EntryPoint\",\"urlTemplate\":\"https:\/\/tarcano.com\/tr\/?s={search_term_string}\"},\"query-input\":\"required name=search_term_string\"}],\"inLanguage\":\"tr\"},{\"@type\":\"ImageObject\",\"@id\":\"https:\/\/tarcano.com\/tr\/#primaryimage\",\"inLanguage\":\"tr\",\"url\":\"https:\/\/tarcano.com\/tr\/wp-content\/uploads\/2021\/06\/shuffle-cards.gif\",\"contentUrl\":\"https:\/\/tarcano.com\/tr\/wp-content\/uploads\/2021\/06\/shuffle-cards.gif\",\"width\":600,\"height\":253},{\"@type\":\"WebPage\",\"@id\":\"https:\/\/tarcano.com\/tr\/#webpage\",\"url\":\"https:\/\/tarcano.com\/tr\/\",\"name\":\"Tarot kartlar\\u0131 - Tarcano\",\"isPartOf\":{\"@id\":\"https:\/\/tarcano.com\/tr\/#website\"},\"primaryImageOfPage\":{\"@id\":\"https:\/\/tarcano.com\/tr\/#primaryimage\"},\"datePublished\":\"2021-06-22T07:07:38+00:00\",\"dateModified\":\"2021-09-29T15:24:53+00:00\",\"description\":\"Tarot kart\\u0131 i\\u015flemlerini tamamen \\u00e7evrimi\\u00e7i ve \\u00fccretsiz yap\\u0131n BURADAN. Sorgunuza ba\\u011fl\\u0131 olarak farkl\\u0131 deste t\\u00fcrleri aras\\u0131ndan se\\u00e7im yap\\u0131n!\",\"breadcrumb\":{\"@id\":\"https:\/\/tarcano.com\/tr\/#breadcrumb\"},\"inLanguage\":\"tr\",\"potentialAction\":[{\"@type\":\"ReadAction\",\"target\":[\"https:\/\/tarcano.com\/tr\/\"]}]},{\"@type\":\"BreadcrumbList\",\"@id\":\"https:\/\/tarcano.com\/tr\/#breadcrumb\",\"itemListElement\":[{\"@type\":\"ListItem\",\"position\":1,\"name\":\"Anasayfa\",\"item\":\"https:\/\/tarcano.com\/tr\/\"},{\"@type\":\"ListItem\",\"position\":2,\"name\":\"Tarot kartlar\\u0131\"}]}]}<\/script>\n<!-- \/ Yoast SEO plugin. -->","yoast_head_json":{"title":"Tarot kartlar\u0131 - Tarcano","description":"Tarot kart\u0131 i\u015flemlerini tamamen \u00e7evrimi\u00e7i ve \u00fccretsiz yap\u0131n BURADAN. Sorgunuza ba\u011fl\u0131 olarak farkl\u0131 deste t\u00fcrleri aras\u0131ndan se\u00e7im yap\u0131n!","robots":{"index":"index","follow":"follow","max-snippet":"max-snippet:-1","max-image-preview":"max-image-preview:large","max-video-preview":"max-video-preview:-1"},"canonical":"https:\/\/tarcano.com\/tr\/","og_locale":"tr_TR","og_type":"article","og_title":"Tarot kartlar\u0131 - Tarcano","og_description":"Tarot kart\u0131 i\u015flemlerini tamamen \u00e7evrimi\u00e7i ve \u00fccretsiz yap\u0131n BURADAN. Sorgunuza ba\u011fl\u0131 olarak farkl\u0131 deste t\u00fcrleri aras\u0131ndan se\u00e7im yap\u0131n!","og_url":"https:\/\/tarcano.com\/tr\/","og_site_name":"Tarcano","article_modified_time":"2021-09-29T15:24:53+00:00","og_image":[{"url":"https:\/\/tarcano.com\/tr\/wp-content\/uploads\/2021\/06\/shuffle-cards.gif"}],"twitter_card":"summary_large_image","twitter_misc":{"Tahmini okuma s\u00fcresi":"1 dakika"},"schema":{"@context":"https:\/\/schema.org","@graph":[{"@type":"WebSite","@id":"https:\/\/tarcano.com\/tr\/#website","url":"https:\/\/tarcano.com\/tr\/","name":"Tarcano","description":"","potentialAction":[{"@type":"SearchAction","target":{"@type":"EntryPoint","urlTemplate":"https:\/\/tarcano.com\/tr\/?s={search_term_string}"},"query-input":"required name=search_term_string"}],"inLanguage":"tr"},{"@type":"ImageObject","@id":"https:\/\/tarcano.com\/tr\/#primaryimage","inLanguage":"tr","url":"https:\/\/tarcano.com\/tr\/wp-content\/uploads\/2021\/06\/shuffle-cards.gif","contentUrl":"https:\/\/tarcano.com\/tr\/wp-content\/uploads\/2021\/06\/shuffle-cards.gif","width":600,"height":253},{"@type":"WebPage","@id":"https:\/\/tarcano.com\/tr\/#webpage","url":"https:\/\/tarcano.com\/tr\/","name":"Tarot kartlar\u0131 - Tarcano","isPartOf":{"@id":"https:\/\/tarcano.com\/tr\/#website"},"primaryImageOfPage":{"@id":"https:\/\/tarcano.com\/tr\/#primaryimage"},"datePublished":"2021-06-22T07:07:38+00:00","dateModified":"2021-09-29T15:24:53+00:00","description":"Tarot kart\u0131 i\u015flemlerini tamamen \u00e7evrimi\u00e7i ve \u00fccretsiz yap\u0131n BURADAN. Sorgunuza ba\u011fl\u0131 olarak farkl\u0131 deste t\u00fcrleri aras\u0131ndan se\u00e7im yap\u0131n!","breadcrumb":{"@id":"https:\/\/tarcano.com\/tr\/#breadcrumb"},"inLanguage":"tr","potentialAction":[{"@type":"ReadAction","target":["https:\/\/tarcano.com\/tr\/"]}]},{"@type":"BreadcrumbList","@id":"https:\/\/tarcano.com\/tr\/#breadcrumb","itemListElement":[{"@type":"ListItem","position":1,"name":"Anasayfa","item":"https:\/\/tarcano.com\/tr\/"},{"@type":"ListItem","position":2,"name":"Tarot kartlar\u0131"}]}]}},"_links":{"self":[{"href":"https:\/\/tarcano.com\/tr\/wp-json\/wp\/v2\/pages\/2","targetHints":{"allow":["GET"]}}],"collection":[{"href":"https:\/\/tarcano.com\/tr\/wp-json\/wp\/v2\/pages"}],"about":[{"href":"https:\/\/tarcano.com\/tr\/wp-json\/wp\/v2\/types\/page"}],"author":[{"embeddable":true,"href":"https:\/\/tarcano.com\/tr\/wp-json\/wp\/v2\/users\/1"}],"replies":[{"embeddable":true,"href":"https:\/\/tarcano.com\/tr\/wp-json\/wp\/v2\/comments?post=2"}],"version-history":[{"count":35,"href":"https:\/\/tarcano.com\/tr\/wp-json\/wp\/v2\/pages\/2\/revisions"}],"predecessor-version":[{"id":128,"href":"https:\/\/tarcano.com\/tr\/wp-json\/wp\/v2\/pages\/2\/revisions\/128"}],"wp:attachment":[{"href":"https:\/\/tarcano.com\/tr\/wp-json\/wp\/v2\/media?parent=2"}],"curies":[{"name":"wp","href":"https:\/\/api.w.org\/{rel}","templated":true}]}}