{"id":82,"date":"2021-06-22T13:17:49","date_gmt":"2021-06-22T10:17:49","guid":{"rendered":"https:\/\/tarcano.com\/tr\/?page_id=82"},"modified":"2021-06-22T13:47:18","modified_gmt":"2021-06-22T10:47:18","slug":"tarot-evet-hayir","status":"publish","type":"page","link":"https:\/\/tarcano.com\/tr\/tarot-evet-hayir\/","title":{"rendered":"Evet veya Hay\u0131r Tarot Okumas\u0131"},"content":{"rendered":"\n<div class=\"wp-block-magicards-magicards-block\"><div class=\"magicards-deck-wrap mc-firstload  magicard-visible-tooltip\"><div class=\"magicards-deck magicards-col-1 magicards-updown\" id=\"magicards_stack_1\" data-getresult=\"\"><div class=\"magicard-wrap hidecard\" data-target=\"mc-flip-0\"><div class=\"magicard-flipper \"><div class=\"magicard-front\"><img decoding=\"async\" src=\"https:\/\/tarcano.com\/tr\/wp-content\/uploads\/2021\/06\/card.jpeg\" class=\"skip-lazy no-lazyload no-lazy\" data-no-lazyload data-no-lazy=\"1\"><\/div><div class=\"magicard-back\"><img decoding=\"async\" src=\"https:\/\/tarcano.com\/tr\/wp-content\/uploads\/2021\/06\/9-1.jpg\" class=\"skip-lazy no-lazyload no-lazy\" data-no-lazyload data-no-lazy=\"1\"><\/div><div class=\"magicard-tooltip magicards-infopanel\"><h4 class=\"magicard-caption\"><\/h4><div class=\"magicard-description\"><p>EVET<\/p>\n<\/div><div class=\"magicard-description-reversed  magicards-hide-info\"><p>HAYIR<\/p>\n<\/div><\/div><\/div><\/div><\/div><div class=\"magicard-commands align-left\"><div class=\"magicard-shuffle\"><svg width=\"1em\" height=\"1em\" viewBox=\"0 0 16 16\" fill=\"currentColor\" xmlns=\"http:\/\/www.w3.org\/2000\/svg\"><path fill-rule=\"evenodd\" d=\"M1 11.5a.5.5 0 0 0 .5.5h11.793l-3.147 3.146a.5.5 0 0 0 .708.708l4-4a.5.5 0 0 0 0-.708l-4-4a.5.5 0 0 0-.708.708L13.293 11H1.5a.5.5 0 0 0-.5.5zm14-7a.5.5 0 0 1-.5.5H2.707l3.147 3.146a.5.5 0 1 1-.708.708l-4-4a.5.5 0 0 1 0-.708l4-4a.5.5 0 1 1 .708.708L2.707 4H14.5a.5.5 0 0 1 .5.5z\"\/><\/svg> <span>Kar\u0131\u015ft\u0131r<\/span><\/div><div class=\"magicard-toggle\"><svg width=\"1em\" height=\"1em\" viewBox=\"0 0 16 16\" fill=\"currentColor\" xmlns=\"http:\/\/www.w3.org\/2000\/svg\"><path d=\"M11.534 7h3.932a.25.25 0 0 1 .192.41l-1.966 2.36a.25.25 0 0 1-.384 0l-1.966-2.36a.25.25 0 0 1 .192-.41zm-11 2h3.932a.25.25 0 0 0 .192-.41L2.692 6.23a.25.25 0 0 0-.384 0L.342 8.59A.25.25 0 0 0 .534 9z\"\/><path fill-rule=\"evenodd\" d=\"M8 3c-1.552 0-2.94.707-3.857 1.818a.5.5 0 1 1-.771-.636A6.002 6.002 0 0 1 13.917 7H12.9A5.002 5.002 0 0 0 8 3zM3.1 9a5.002 5.002 0 0 0 8.757 2.182.5.5 0 1 1 .771.636A6.002 6.002 0 0 1 2.083 9H3.1z\"\/><\/svg> <span><\/span><\/div><\/div><div class=\"magicards-visible-desc\"><\/div><\/div><\/div>\n","protected":false},"excerpt":{"rendered":"<div class=\"wp-block-magicards-magicards-block\"><\/div>\n<p><a class=\"more-link\" href=\"https:\/\/tarcano.com\/tr\/tarot-evet-hayir\/\">Seguir leyendo&#8230;<\/a><\/p>\n","protected":false},"author":1,"featured_media":0,"parent":0,"menu_order":0,"comment_status":"closed","ping_status":"closed","template":"","meta":{"footnotes":""},"class_list":["post-82","page","type-page","status-publish","hentry"],"yoast_head":"<!-- This site is optimized with the Yoast SEO plugin v17.2.1 - https:\/\/yoast.com\/wordpress\/plugins\/seo\/ -->\n<title>Evet veya Hay\u0131r Tarot Okumas\u0131 - Tarcano<\/title>\n<meta name=\"description\" content=\"\u00c7\u00f6zemedi\u011finiz belirli bir sorunuz mu var? Evet veya Hay\u0131r Tarot size \u00e7\u00f6z\u00fcm\u00fc verir! Sorunuz hemen cevaplanacak!\" \/>\n<meta name=\"robots\" content=\"index, follow, max-snippet:-1, max-image-preview:large, max-video-preview:-1\" \/>\n<link rel=\"canonical\" href=\"https:\/\/tarcano.com\/tr\/tarot-evet-hayir\/\" \/>\n<meta property=\"og:locale\" content=\"tr_TR\" \/>\n<meta property=\"og:type\" content=\"article\" \/>\n<meta property=\"og:title\" content=\"Evet veya Hay\u0131r Tarot Okumas\u0131 - Tarcano\" \/>\n<meta property=\"og:description\" content=\"\u00c7\u00f6zemedi\u011finiz belirli bir sorunuz mu var? Evet veya Hay\u0131r Tarot size \u00e7\u00f6z\u00fcm\u00fc verir! Sorunuz hemen cevaplanacak!\" \/>\n<meta property=\"og:url\" content=\"https:\/\/tarcano.com\/tr\/tarot-evet-hayir\/\" \/>\n<meta property=\"og:site_name\" content=\"Tarcano\" \/>\n<meta property=\"article:modified_time\" content=\"2021-06-22T10:47:18+00:00\" \/>\n<meta name=\"twitter:card\" content=\"summary_large_image\" \/>\n<meta name=\"twitter:label1\" content=\"Tahmini okuma s\u00fcresi\" \/>\n\t<meta name=\"twitter:data1\" content=\"1 dakika\" \/>\n<script type=\"application\/ld+json\" class=\"yoast-schema-graph\">{\"@context\":\"https:\/\/schema.org\",\"@graph\":[{\"@type\":\"WebSite\",\"@id\":\"https:\/\/tarcano.com\/tr\/#website\",\"url\":\"https:\/\/tarcano.com\/tr\/\",\"name\":\"Tarcano\",\"description\":\"\",\"potentialAction\":[{\"@type\":\"SearchAction\",\"target\":{\"@type\":\"EntryPoint\",\"urlTemplate\":\"https:\/\/tarcano.com\/tr\/?s={search_term_string}\"},\"query-input\":\"required name=search_term_string\"}],\"inLanguage\":\"tr\"},{\"@type\":\"WebPage\",\"@id\":\"https:\/\/tarcano.com\/tr\/tarot-evet-hayir\/#webpage\",\"url\":\"https:\/\/tarcano.com\/tr\/tarot-evet-hayir\/\",\"name\":\"Evet veya Hay\\u0131r Tarot Okumas\\u0131 - Tarcano\",\"isPartOf\":{\"@id\":\"https:\/\/tarcano.com\/tr\/#website\"},\"datePublished\":\"2021-06-22T10:17:49+00:00\",\"dateModified\":\"2021-06-22T10:47:18+00:00\",\"description\":\"\\u00c7\\u00f6zemedi\\u011finiz belirli bir sorunuz mu var? Evet veya Hay\\u0131r Tarot size \\u00e7\\u00f6z\\u00fcm\\u00fc verir! Sorunuz hemen cevaplanacak!\",\"breadcrumb\":{\"@id\":\"https:\/\/tarcano.com\/tr\/tarot-evet-hayir\/#breadcrumb\"},\"inLanguage\":\"tr\",\"potentialAction\":[{\"@type\":\"ReadAction\",\"target\":[\"https:\/\/tarcano.com\/tr\/tarot-evet-hayir\/\"]}]},{\"@type\":\"BreadcrumbList\",\"@id\":\"https:\/\/tarcano.com\/tr\/tarot-evet-hayir\/#breadcrumb\",\"itemListElement\":[{\"@type\":\"ListItem\",\"position\":1,\"name\":\"Anasayfa\",\"item\":\"https:\/\/tarcano.com\/tr\/\"},{\"@type\":\"ListItem\",\"position\":2,\"name\":\"Evet veya Hay\\u0131r Tarot Okumas\\u0131\"}]}]}<\/script>\n<!-- \/ Yoast SEO plugin. -->","yoast_head_json":{"title":"Evet veya Hay\u0131r Tarot Okumas\u0131 - Tarcano","description":"\u00c7\u00f6zemedi\u011finiz belirli bir sorunuz mu var? Evet veya Hay\u0131r Tarot size \u00e7\u00f6z\u00fcm\u00fc verir! Sorunuz hemen cevaplanacak!","robots":{"index":"index","follow":"follow","max-snippet":"max-snippet:-1","max-image-preview":"max-image-preview:large","max-video-preview":"max-video-preview:-1"},"canonical":"https:\/\/tarcano.com\/tr\/tarot-evet-hayir\/","og_locale":"tr_TR","og_type":"article","og_title":"Evet veya Hay\u0131r Tarot Okumas\u0131 - Tarcano","og_description":"\u00c7\u00f6zemedi\u011finiz belirli bir sorunuz mu var? Evet veya Hay\u0131r Tarot size \u00e7\u00f6z\u00fcm\u00fc verir! Sorunuz hemen cevaplanacak!","og_url":"https:\/\/tarcano.com\/tr\/tarot-evet-hayir\/","og_site_name":"Tarcano","article_modified_time":"2021-06-22T10:47:18+00:00","twitter_card":"summary_large_image","twitter_misc":{"Tahmini okuma s\u00fcresi":"1 dakika"},"schema":{"@context":"https:\/\/schema.org","@graph":[{"@type":"WebSite","@id":"https:\/\/tarcano.com\/tr\/#website","url":"https:\/\/tarcano.com\/tr\/","name":"Tarcano","description":"","potentialAction":[{"@type":"SearchAction","target":{"@type":"EntryPoint","urlTemplate":"https:\/\/tarcano.com\/tr\/?s={search_term_string}"},"query-input":"required name=search_term_string"}],"inLanguage":"tr"},{"@type":"WebPage","@id":"https:\/\/tarcano.com\/tr\/tarot-evet-hayir\/#webpage","url":"https:\/\/tarcano.com\/tr\/tarot-evet-hayir\/","name":"Evet veya Hay\u0131r Tarot Okumas\u0131 - Tarcano","isPartOf":{"@id":"https:\/\/tarcano.com\/tr\/#website"},"datePublished":"2021-06-22T10:17:49+00:00","dateModified":"2021-06-22T10:47:18+00:00","description":"\u00c7\u00f6zemedi\u011finiz belirli bir sorunuz mu var? Evet veya Hay\u0131r Tarot size \u00e7\u00f6z\u00fcm\u00fc verir! Sorunuz hemen cevaplanacak!","breadcrumb":{"@id":"https:\/\/tarcano.com\/tr\/tarot-evet-hayir\/#breadcrumb"},"inLanguage":"tr","potentialAction":[{"@type":"ReadAction","target":["https:\/\/tarcano.com\/tr\/tarot-evet-hayir\/"]}]},{"@type":"BreadcrumbList","@id":"https:\/\/tarcano.com\/tr\/tarot-evet-hayir\/#breadcrumb","itemListElement":[{"@type":"ListItem","position":1,"name":"Anasayfa","item":"https:\/\/tarcano.com\/tr\/"},{"@type":"ListItem","position":2,"name":"Evet veya Hay\u0131r Tarot Okumas\u0131"}]}]}},"_links":{"self":[{"href":"https:\/\/tarcano.com\/tr\/wp-json\/wp\/v2\/pages\/82","targetHints":{"allow":["GET"]}}],"collection":[{"href":"https:\/\/tarcano.com\/tr\/wp-json\/wp\/v2\/pages"}],"about":[{"href":"https:\/\/tarcano.com\/tr\/wp-json\/wp\/v2\/types\/page"}],"author":[{"embeddable":true,"href":"https:\/\/tarcano.com\/tr\/wp-json\/wp\/v2\/users\/1"}],"replies":[{"embeddable":true,"href":"https:\/\/tarcano.com\/tr\/wp-json\/wp\/v2\/comments?post=82"}],"version-history":[{"count":5,"href":"https:\/\/tarcano.com\/tr\/wp-json\/wp\/v2\/pages\/82\/revisions"}],"predecessor-version":[{"id":110,"href":"https:\/\/tarcano.com\/tr\/wp-json\/wp\/v2\/pages\/82\/revisions\/110"}],"wp:attachment":[{"href":"https:\/\/tarcano.com\/tr\/wp-json\/wp\/v2\/media?parent=82"}],"curies":[{"name":"wp","href":"https:\/\/api.w.org\/{rel}","templated":true}]}}